{"id":6,"date":"2025-06-16T10:31:52","date_gmt":"2025-06-16T08:31:52","guid":{"rendered":"https:\/\/sichtraum.tha.de\/2025\/?page_id=6"},"modified":"2025-07-22T18:19:32","modified_gmt":"2025-07-22T16:19:32","slug":"start","status":"publish","type":"page","link":"https:\/\/sichtraum.tha.de\/2025\/start\/","title":{"rendered":"Start"},"content":{"rendered":"","protected":false},"excerpt":{"rendered":"","protected":false},"author":1,"featured_media":0,"parent":0,"menu_order":6,"comment_status":"closed","ping_status":"closed","template":"","meta":[],"class_list":["post-6","page","type-page","status-publish","hentry"],"grid":"{\r\n  \"colCount\": 12,\r\n  \"colGutter\": 2,\r\n  \"rowGutters\": [\r\n    3,\r\n    3,\r\n    3\r\n  ],\r\n  \"frameMargin\": 5,\r\n  \"leftFrameMargin\": 5,\r\n  \"rightFrameMargin\": 5,\r\n  \"topFrameMargin\": 0,\r\n  \"mus\": {\r\n    \"colGutterMu\": \"%\",\r\n    \"rowGutterMu\": \"%\",\r\n    \"topFrameMu\": \"px\",\r\n    \"bottomFrameMu\": \"%\",\r\n    \"frameMu\": \"%\"\r\n  },\r\n  \"bottomFrameMargin\": 5,\r\n  \"rowAttrs\": [\r\n    {\r\n      \"relid\": 1\r\n    },\r\n    {\r\n      \"relid\": 3\r\n    },\r\n    {\r\n      \"relid\": 8\r\n    },\r\n    {\r\n      \"relid\": 10\r\n    }\r\n  ],\r\n  \"bgColor\": null,\r\n  \"bgImage\": null,\r\n  \"cont\": [\r\n    {\r\n      \"type\": \"img\",\r\n      \"cont\": \"\/wp-content\/uploads\/2025\/06\/teaser.svg\",\r\n      \"align\": \"middle\",\r\n      \"row\": 0,\r\n      \"col\": 0,\r\n      \"colspan\": 12,\r\n      \"offsetx\": 0,\r\n      \"offsety\": 0,\r\n      \"spaceabove\": 0,\r\n      \"spacebelow\": 0,\r\n      \"yvel\": 1,\r\n      \"push\": 0,\r\n      \"relid\": 2,\r\n      \"attid\": 21,\r\n      \"sizes\": {\r\n        \"full\": \"\/wp-content\/uploads\/2025\/06\/teaser.svg\"\r\n      },\r\n      \"w\": 1440,\r\n      \"h\": 1073,\r\n      \"ar\": 0.7451388888888889,\r\n      \"alt\": \"\",\r\n      \"absolute_position\": false,\r\n      \"frameOverflow\": \"\",\r\n      \"textAnimation\": {\r\n        \"enableTextAnimation\": false\r\n      }\r\n    },\r\n    {\r\n      \"type\": \"text\",\r\n      \"cont\": \"<p class=\\\"_Teaser\\\">24. \u2013 26.07.2025<br \/>Campus am roten Tor<br \/>Technische Hochschule Augsburg<\/p><p class=\\\"_Teaser\\\"><br \/>Pr\u00e4sentationen, M1.01 (H\u00f6rsaal)<\/p><p>Donnerstag 24.07, 16:30 Uhr<\/p><p class=\\\"_Teaser\\\">Ausstellung, K1.01 und K1.06<\/p><p>Donnerstag 24.07, 19\u201321 Uhr<br \/>Freitag, 25.07, 18\u201322 Uhr<br \/>Samstag, 26.07, 12\u201316 Uhr<\/p>\",\r\n      \"align\": \"top\",\r\n      \"row\": 1,\r\n      \"col\": 0,\r\n      \"colspan\": 6,\r\n      \"offsetx\": 0,\r\n      \"offsety\": 0,\r\n      \"spaceabove\": 0,\r\n      \"spacebelow\": 0,\r\n      \"yvel\": 1,\r\n      \"push\": 0,\r\n      \"relid\": 4,\r\n      \"absolute_position\": false\r\n    },\r\n    {\r\n      \"type\": \"text\",\r\n      \"cont\": \"<p class=\\\"_Teaser\\\">Studierende des sechsten Semesters der Bachelorstudieng\u00e4nge <a rel=\\\"noopener\\\" href=\\\"https:\/\/www.tha.de\/Gestaltung\/Interaktive-Medien\/IA.html\\\" target=\\\"_blank\\\">Interaktive Medien<\/a> und <a rel=\\\"noopener\\\" href=\\\"https:\/\/www.tha.de\/Gestaltung\/creative-engineering.html\\\" target=\\\"_blank\\\">Creative Engineering<\/a> pr\u00e4sentieren ihre Teamprojekte.<\/p><p>Von der Zukunft der Arbeit bis zur digitalen Teilhabe, von Health Literacy \u00fcber K\u00fcnstliche Intelligenz bis hin zu Games und Mixed Reality \u2013 die Studierenden haben in den vergangenen Monaten interdisziplin\u00e4re Projekte entwickelt, die zum Erleben, Nachdenken und Mitmachen einladen. In diesem Jahr ist der Sichtraum erstmals auch B\u00fchne f\u00fcr Studierende des Bachelorstudiengangs Creative Engineering. Die Projekte wurden betreut von Lehrenden der Fakult\u00e4t f\u00fcr Gestaltung, der Fakult\u00e4t f\u00fcr Informatik und der Fakult\u00e4t f\u00fcr Elektrotechnik.<\/p><p>Gemeinsam pr\u00e4sentieren die Teams ihre Arbeiten in Kurzvortr\u00e4gen und einer begleitenden Ausstellung. Nach den Pr\u00e4sentationen haben G\u00e4ste die Gelegenheit, die Ausstellung im Rahmen der Werkschau zu erkunden \u2013 eine ideale M\u00f6glichkeit, das Potenzial interaktiver Medien und innovativer Technologien hautnah zu erleben und mit dem Augsburger Kreativnachwuchs ins Gespr\u00e4ch zu kommen.<\/p>\",\r\n      \"align\": \"middle\",\r\n      \"row\": 1,\r\n      \"col\": 6,\r\n      \"colspan\": 6,\r\n      \"offsetx\": 0,\r\n      \"offsety\": 0,\r\n      \"spaceabove\": 0,\r\n      \"spacebelow\": 0,\r\n      \"yvel\": 1,\r\n      \"push\": 0,\r\n      \"relid\": 7,\r\n      \"absolute_position\": false,\r\n      \"frameOverflow\": \"\"\r\n    },\r\n    {\r\n      \"type\": \"text\",\r\n      \"cont\": \"<h1 class=\\\"_Header1\\\">Projekte<\/h1>\",\r\n      \"align\": \"middle\",\r\n      \"row\": 2,\r\n      \"col\": 0,\r\n      \"colspan\": 12,\r\n      \"offsetx\": 0,\r\n      \"offsety\": 0,\r\n      \"spaceabove\": 0,\r\n      \"spacebelow\": 0,\r\n      \"yvel\": 1,\r\n      \"push\": 0,\r\n      \"relid\": 9,\r\n      \"absolute_position\": false,\r\n      \"frameOverflow\": \"\"\r\n    },\r\n    {\r\n      \"type\": \"thumbnailgrid\",\r\n      \"cont\": \"\",\r\n      \"align\": \"middle\",\r\n      \"row\": 3,\r\n      \"col\": 0,\r\n      \"colspan\": 12,\r\n      \"offsetx\": 0,\r\n      \"offsety\": 0,\r\n      \"spaceabove\": 0,\r\n      \"spacebelow\": 0,\r\n      \"yvel\": 1,\r\n      \"push\": 0,\r\n      \"relid\": 11,\r\n      \"config\": {\r\n        \"desktop\": {\r\n          \"colCount\": 2,\r\n          \"colGutter\": 2,\r\n          \"rowGutter\": 4,\r\n          \"colGutterMu\": \"%\",\r\n          \"rowGutterMu\": \"%\"\r\n        },\r\n        \"tablet\": {\r\n          \"colCount\": 3,\r\n          \"colGutter\": 3,\r\n          \"rowGutter\": 5,\r\n          \"colGutterMu\": \"%\",\r\n          \"rowGutterMu\": \"%\"\r\n        },\r\n        \"phone\": {\r\n          \"colCount\": 2,\r\n          \"colGutter\": 4,\r\n          \"rowGutter\": 8,\r\n          \"colGutterMu\": \"%\",\r\n          \"rowGutterMu\": \"%\"\r\n        },\r\n        \"layoutType\": \"top-aligned\",\r\n        \"cat_id\": 1,\r\n        \"showfilter\": false,\r\n        \"showtagfilter\": false,\r\n        \"sortedFilters\": false,\r\n        \"sortedTagFilters\": false,\r\n        \"tagFilterBehaviour\": \"or\",\r\n        \"limitThumbnails\": 0,\r\n        \"deselect_tags\": true,\r\n        \"reorder_tags\": true,\r\n        \"randomorder\": false,\r\n        \"sortbyname\": false,\r\n        \"sortbydate\": false,\r\n        \"sortbymenuorder\": false,\r\n        \"sortbycustom\": true\r\n      },\r\n      \"absolute_position\": false,\r\n      \"frameOverflow\": \"\"\r\n    }\r\n  ]\r\n}","phonegrid":"","_links":{"self":[{"href":"https:\/\/sichtraum.tha.de\/2025\/wp-json\/wp\/v2\/pages\/6","targetHints":{"allow":["GET"]}}],"collection":[{"href":"https:\/\/sichtraum.tha.de\/2025\/wp-json\/wp\/v2\/pages"}],"about":[{"href":"https:\/\/sichtraum.tha.de\/2025\/wp-json\/wp\/v2\/types\/page"}],"author":[{"embeddable":true,"href":"https:\/\/sichtraum.tha.de\/2025\/wp-json\/wp\/v2\/users\/1"}],"replies":[{"embeddable":true,"href":"https:\/\/sichtraum.tha.de\/2025\/wp-json\/wp\/v2\/comments?post=6"}],"version-history":[{"count":0,"href":"https:\/\/sichtraum.tha.de\/2025\/wp-json\/wp\/v2\/pages\/6\/revisions"}],"wp:attachment":[{"href":"https:\/\/sichtraum.tha.de\/2025\/wp-json\/wp\/v2\/media?parent=6"}],"curies":[{"name":"wp","href":"https:\/\/api.w.org\/{rel}","templated":true}]}}