{"id":8,"date":"2023-12-17T17:58:37","date_gmt":"2023-12-17T16:58:37","guid":{"rendered":"https:\/\/sichtraum.tha.de\/2024\/?page_id=8"},"modified":"2024-03-28T13:13:30","modified_gmt":"2024-03-28T12:13:30","slug":"start","status":"publish","type":"page","link":"https:\/\/sichtraum.tha.de\/2024\/","title":{"rendered":"Start"},"content":{"rendered":"","protected":false},"excerpt":{"rendered":"","protected":false},"author":1,"featured_media":0,"parent":0,"menu_order":6,"comment_status":"closed","ping_status":"closed","template":"","meta":[],"class_list":["post-8","page","type-page","status-publish","hentry"],"grid":"{\r\n  \"colCount\": 12,\r\n  \"colGutter\": 2,\r\n  \"rowGutters\": [\r\n    3,\r\n    3\r\n  ],\r\n  \"frameMargin\": 5,\r\n  \"leftFrameMargin\": 5,\r\n  \"rightFrameMargin\": 5,\r\n  \"topFrameMargin\": 0,\r\n  \"mus\": {\r\n    \"colGutterMu\": \"%\",\r\n    \"rowGutterMu\": \"%\",\r\n    \"topFrameMu\": \"px\",\r\n    \"bottomFrameMu\": \"%\",\r\n    \"frameMu\": \"%\"\r\n  },\r\n  \"bottomFrameMargin\": 5,\r\n  \"rowAttrs\": [\r\n    {\r\n      \"relid\": 1\r\n    },\r\n    {\r\n      \"relid\": 3\r\n    },\r\n    {\r\n      \"relid\": 6\r\n    }\r\n  ],\r\n  \"bgColor\": null,\r\n  \"bgImage\": null,\r\n  \"cont\": [\r\n    {\r\n      \"type\": \"img\",\r\n      \"cont\": \"\/wp-content\/uploads\/2023\/12\/teaser.svg\",\r\n      \"align\": \"middle\",\r\n      \"row\": 0,\r\n      \"col\": 0,\r\n      \"colspan\": 12,\r\n      \"offsetx\": 0,\r\n      \"offsety\": 0,\r\n      \"spaceabove\": 0,\r\n      \"spacebelow\": 0,\r\n      \"yvel\": 1,\r\n      \"push\": 0,\r\n      \"relid\": 2,\r\n      \"attid\": 31,\r\n      \"sizes\": {\r\n        \"full\": \"\/wp-content\/uploads\/2023\/12\/teaser.svg\"\r\n      },\r\n      \"w\": 1440,\r\n      \"h\": 1073,\r\n      \"ar\": 0.7451388888888889,\r\n      \"alt\": \"\",\r\n      \"absolute_position\": false,\r\n      \"frameOverflow\": \"\"\r\n    },\r\n    {\r\n      \"type\": \"text\",\r\n      \"cont\": \"<p class=\\\"_Teaser\\\"><span>02. \u2013 03.02.2024<br \/>Campus am roten Tor<br \/>Technische Hochschule Augsburg<\/span><\/p><h1 class=\\\"_Teaser\\\"><span>Opening 02.03.2024<br \/>18:00 Uhr, K 1.01<\/span><\/h1>\",\r\n      \"align\": \"top\",\r\n      \"row\": 1,\r\n      \"col\": 0,\r\n      \"colspan\": 6,\r\n      \"offsetx\": 0,\r\n      \"offsety\": 0,\r\n      \"spaceabove\": 0,\r\n      \"spacebelow\": 0,\r\n      \"yvel\": 1,\r\n      \"push\": 0,\r\n      \"relid\": 4,\r\n      \"absolute_position\": false\r\n    },\r\n    {\r\n      \"type\": \"text\",\r\n      \"cont\": \"<p class=\\\"_Teaser\\\"><span>Studierende des f\u00fcnften Semesters des Bachelorstudiengangs Interaktive Medien pr\u00e4sentieren ihre Teamprojekte in Kurzvortr\u00e4gen und Live-Installationen.<br \/><\/span><\/p><p><span>Von Interface bis KI, von 3D-Visualisierung bis Web-App, von Gaming bis zu interaktiven Installationen \u2013 die Studierenden haben in den vergangenen Monaten in Teams an Projekten gearbeitet, die die Sinne der Besucher:innen des Sichtraums beeindrucken und sie in eine andere Dimension entf\u00fchren werden. Betreut wurden die Projekte gemeinsam von Lehrenden der Fakult\u00e4t f\u00fcr Gestaltung und der Fakult\u00e4t f\u00fcr Informatik, an denen der interdisziplin\u00e4re Studiengang angesiedelt ist.<br \/><br \/>Vor und nach den Pr\u00e4sentationen der Studierenden k\u00f6nnen die G\u00e4ste die Ausstellung im Rahmen der Werkschau erkunden \u2013 eine gute Gelegenheit, das Potenzial interaktiver Medien selbst zu erleben und Kontakte zum Augsburger Mediennachwuchs zu kn\u00fcpfen.<\/span><\/p>\",\r\n      \"align\": \"top\",\r\n      \"row\": 1,\r\n      \"col\": 6,\r\n      \"colspan\": 6,\r\n      \"offsetx\": 0,\r\n      \"offsety\": 0,\r\n      \"spaceabove\": 0,\r\n      \"spacebelow\": 0,\r\n      \"yvel\": 1,\r\n      \"push\": 0,\r\n      \"relid\": 5,\r\n      \"absolute_position\": false\r\n    },\r\n    {\r\n      \"type\": \"postThumbnail\",\r\n      \"cont\": \"\/wp-content\/uploads\/2024\/01\/WELLENBAD_keyvisual_square.jpg\",\r\n      \"align\": \"top\",\r\n      \"row\": 2,\r\n      \"col\": 6,\r\n      \"colspan\": 3,\r\n      \"offsetx\": 0,\r\n      \"offsety\": 0,\r\n      \"spaceabove\": 0,\r\n      \"spacebelow\": 0,\r\n      \"yvel\": 1,\r\n      \"push\": 6,\r\n      \"relid\": 7,\r\n      \"title\": \"Performance WELLENBAD\",\r\n      \"postid\": 253,\r\n      \"descr\": \"\",\r\n      \"link\": \"\/wellenbad\/\",\r\n      \"attid\": 504,\r\n      \"ar\": 1,\r\n      \"sizes\": {\r\n        \"_265\": \"\/wp-content\/uploads\/2024\/01\/WELLENBAD_keyvisual_square-265x265.jpg\",\r\n        \"_512\": \"\/wp-content\/uploads\/2024\/01\/WELLENBAD_keyvisual_square-512x512.jpg\",\r\n        \"_768\": \"\/wp-content\/uploads\/2024\/01\/WELLENBAD_keyvisual_square-768x768.jpg\",\r\n        \"_1024\": \"\/wp-content\/uploads\/2024\/01\/WELLENBAD_keyvisual_square-1024x1024.jpg\",\r\n        \"_1280\": \"\/wp-content\/uploads\/2024\/01\/WELLENBAD_keyvisual_square-1280x1280.jpg\",\r\n        \"_1920\": \"\/wp-content\/uploads\/2024\/01\/WELLENBAD_keyvisual_square-1920x1920.jpg\",\r\n        \"_2560\": \"\/wp-content\/uploads\/2024\/01\/WELLENBAD_keyvisual_square.jpg\",\r\n        \"_3200\": \"\/wp-content\/uploads\/2024\/01\/WELLENBAD_keyvisual_square.jpg\",\r\n        \"_3840\": \"\/wp-content\/uploads\/2024\/01\/WELLENBAD_keyvisual_square.jpg\",\r\n        \"_4096\": \"\/wp-content\/uploads\/2024\/01\/WELLENBAD_keyvisual_square.jpg\",\r\n        \"full\": \"\/wp-content\/uploads\/2024\/01\/WELLENBAD_keyvisual_square.jpg\"\r\n      },\r\n      \"mo_sizes\": null,\r\n      \"mo_h\": 0,\r\n      \"mo_w\": 0,\r\n      \"video_url\": \"\",\r\n      \"video_w\": 0,\r\n      \"video_h\": 0,\r\n      \"tags\": [],\r\n      \"absolute_position\": false,\r\n      \"frameOverflow\": \"\",\r\n      \"w\": 1960,\r\n      \"h\": 1960\r\n    },\r\n    {\r\n      \"type\": \"postThumbnail\",\r\n      \"cont\": \"\/wp-content\/uploads\/2024\/01\/HorstThieme_square.jpg\",\r\n      \"align\": \"top\",\r\n      \"row\": 2,\r\n      \"col\": 9,\r\n      \"colspan\": 3,\r\n      \"offsetx\": 0,\r\n      \"offsety\": 0,\r\n      \"spaceabove\": 0,\r\n      \"spacebelow\": 0,\r\n      \"yvel\": 1,\r\n      \"push\": 0,\r\n      \"relid\": 8,\r\n      \"title\": \"Keynote <\/br>Horst Thieme\",\r\n      \"postid\": 142,\r\n      \"descr\": \"\",\r\n      \"link\": \"\/keynote-horst-thieme\/\",\r\n      \"attid\": 505,\r\n      \"ar\": 1,\r\n      \"sizes\": {\r\n        \"_265\": \"\/wp-content\/uploads\/2024\/01\/HorstThieme_square-265x265.jpg\",\r\n        \"_512\": \"\/wp-content\/uploads\/2024\/01\/HorstThieme_square-512x512.jpg\",\r\n        \"_768\": \"\/wp-content\/uploads\/2024\/01\/HorstThieme_square-768x768.jpg\",\r\n        \"_1024\": \"\/wp-content\/uploads\/2024\/01\/HorstThieme_square-1024x1024.jpg\",\r\n        \"_1280\": \"\/wp-content\/uploads\/2024\/01\/HorstThieme_square-1280x1280.jpg\",\r\n        \"_1920\": \"\/wp-content\/uploads\/2024\/01\/HorstThieme_square.jpg\",\r\n        \"_2560\": \"\/wp-content\/uploads\/2024\/01\/HorstThieme_square.jpg\",\r\n        \"_3200\": \"\/wp-content\/uploads\/2024\/01\/HorstThieme_square.jpg\",\r\n        \"_3840\": \"\/wp-content\/uploads\/2024\/01\/HorstThieme_square.jpg\",\r\n        \"_4096\": \"\/wp-content\/uploads\/2024\/01\/HorstThieme_square.jpg\",\r\n        \"full\": \"\/wp-content\/uploads\/2024\/01\/HorstThieme_square.jpg\"\r\n      },\r\n      \"mo_sizes\": null,\r\n      \"mo_h\": 0,\r\n      \"mo_w\": 0,\r\n      \"video_url\": \"\",\r\n      \"video_w\": 0,\r\n      \"video_h\": 0,\r\n      \"tags\": [],\r\n      \"absolute_position\": false,\r\n      \"w\": 1920,\r\n      \"h\": 1920\r\n    }\r\n  ]\r\n}","phonegrid":"","_links":{"self":[{"href":"https:\/\/sichtraum.tha.de\/2024\/wp-json\/wp\/v2\/pages\/8","targetHints":{"allow":["GET"]}}],"collection":[{"href":"https:\/\/sichtraum.tha.de\/2024\/wp-json\/wp\/v2\/pages"}],"about":[{"href":"https:\/\/sichtraum.tha.de\/2024\/wp-json\/wp\/v2\/types\/page"}],"author":[{"embeddable":true,"href":"https:\/\/sichtraum.tha.de\/2024\/wp-json\/wp\/v2\/users\/1"}],"replies":[{"embeddable":true,"href":"https:\/\/sichtraum.tha.de\/2024\/wp-json\/wp\/v2\/comments?post=8"}],"version-history":[{"count":0,"href":"https:\/\/sichtraum.tha.de\/2024\/wp-json\/wp\/v2\/pages\/8\/revisions"}],"wp:attachment":[{"href":"https:\/\/sichtraum.tha.de\/2024\/wp-json\/wp\/v2\/media?parent=8"}],"curies":[{"name":"wp","href":"https:\/\/api.w.org\/{rel}","templated":true}]}}